{"id":4012,"date":"2026-03-26T10:22:55","date_gmt":"2026-03-26T10:22:55","guid":{"rendered":"https:\/\/coemco.org.br\/2026\/?page_id=4012"},"modified":"2026-03-27T14:46:30","modified_gmt":"2026-03-27T14:46:30","slug":"sobre-o-evento","status":"publish","type":"page","link":"https:\/\/coemco.org.br\/2026\/sobre-o-evento\/","title":{"rendered":"Sobre o Evento"},"content":{"rendered":"\t\t<div data-elementor-type=\"wp-page\" data-elementor-id=\"4012\" class=\"elementor elementor-4012\" data-elementor-post-type=\"page\">\n\t\t\t\t<div class=\"elementor-element elementor-element-7adc809 e-con-full e-flex e-con e-parent\" data-id=\"7adc809\" data-element_type=\"container\">\n\t\t\t\t<div class=\"elementor-element elementor-element-471a2d2 elementor--h-position-center elementor--v-position-middle elementor-widget elementor-widget-slides\" data-id=\"471a2d2\" data-element_type=\"widget\" data-settings=\"{&quot;navigation&quot;:&quot;none&quot;,&quot;transition&quot;:&quot;slide&quot;,&quot;transition_speed&quot;:500}\" data-widget_type=\"slides.default\">\n\t\t\t\t\t\t\t\t\t\t<div class=\"elementor-slides-wrapper elementor-main-swiper swiper\" role=\"region\" aria-roledescription=\"carousel\" aria-label=\"Slides\" dir=\"ltr\" data-animation=\"\">\n\t\t\t\t<div class=\"swiper-wrapper elementor-slides\">\n\t\t\t\t\t\t\t\t\t\t<div class=\"elementor-repeater-item-cb82680 swiper-slide\" role=\"group\" aria-roledescription=\"slide\"><div class=\"swiper-slide-bg\" role=\"img\" aria-label=\"xcoemco_bg_home_v3\"><\/div><div class=\"elementor-background-overlay\"><\/div><div class=\"swiper-slide-inner\" ><div class=\"swiper-slide-contents\"><div class=\"elementor-slide-heading\">Sobre o Evento<\/div><\/div><\/div><\/div>\t\t\t\t<\/div>\n\t\t\t\t\t\t\t<\/div>\n\t\t\t\t\t\t\t\t<\/div>\n\t\t\t\t<\/div>\n\t\t<div class=\"elementor-element elementor-element-8961905 e-flex e-con-boxed e-con e-parent\" data-id=\"8961905\" data-element_type=\"container\">\n\t\t\t\t\t<div class=\"e-con-inner\">\n\t\t\t\t<div class=\"elementor-element elementor-element-2a02125 elementor-widget elementor-widget-text-editor\" data-id=\"2a02125\" data-element_type=\"widget\" data-widget_type=\"text-editor.default\">\n\t\t\t\t\t\t\t\t\t<p style=\"text-align: center;\"><strong>TEMA CENTRAL:<\/strong><br \/><em>\u201cEduca\u00e7\u00e3o M\u00e9dica Inovadora e Popular para a transforma\u00e7\u00e3o social do Centro-Oeste\u201d.<\/em><\/p>\n<p>\u00a0<\/p>\n<p><br \/><strong>A ABEM E SEU PROTAGONISMO NA EDUCA\u00c7\u00c3O M\u00c9DICA NO PA\u00cdS<\/strong><br \/>A Associa\u00e7\u00e3o Brasileira de Educa\u00e7\u00e3o M\u00e9dica (ABEM) sucede a Associa\u00e7\u00e3o de Escolas de Medicina do Brasil, fundada em 21 de agosto de 1962, na cidade de Belo Horizonte, Minas Gerais. Busca aprimorar a forma\u00e7\u00e3o dos m\u00e9dicos no Brasil, com um papel agregador e indutor no processo de transforma\u00e7\u00e3o da sociedade, que contribui para a consolida\u00e7\u00e3o do Sistema \u00danico de Sa\u00fade (SUS). A ABEM \u00e9 conduzida pelo seu Estatuto Social, tem como VIS\u00c3O ser reconhecida como protagonista de melhoria na educa\u00e7\u00e3o m\u00e9dica brasileira, influenciando as pol\u00edticas p\u00fablicas de educa\u00e7\u00e3o e sa\u00fade e, como MISS\u00c3O, promover o desenvolvimento da educa\u00e7\u00e3o m\u00e9dica no pa\u00eds, visando \u00e0 forma\u00e7\u00e3o de m\u00e9dicos capazes de atender \u00e0s necessidades de sa\u00fade da popula\u00e7\u00e3o, contribuindo para o fortalecimento do SUS e para a constru\u00e7\u00e3o de uma sociedade mais justa e igualit\u00e1ria. Atualmente sua sede fica em Bras\u00edlia\/DF. A cidade de Goi\u00e2nia-GO ir\u00e1 sediar o X Congresso de Educa\u00e7\u00e3o M\u00e9dica do Centro-Oeste (X COEMCO), cujo tema ser\u00e1 \u201cEduca\u00e7\u00e3o M\u00e9dica Inovadora e Popular para a transforma\u00e7\u00e3o social do Centro-Oeste\u201d.<\/p>\n<p>\u00a0<\/p>\n<p>A organiza\u00e7\u00e3o do X COEMCO \u00e9 de responsabilidade da regional Centro-Oeste da ABEM, representada pela Comiss\u00e3o Organizadora Local do evento, congregando as representa\u00e7\u00f5es docentes e discentes das escolas e institui\u00e7\u00f5es associadas \u00e0 Regional Centro-Oeste. Seguem todos envolvidos igualmente na organiza\u00e7\u00e3o e realiza\u00e7\u00e3o do congresso, com outros parceiros que constituem as subcomiss\u00f5es de Programa\u00e7\u00e3o Cient\u00edfica, de Trabalhos Cient\u00edficos, de Divulga\u00e7\u00e3o e Marketing, de Cultura, de Infraestrutura e de Alojamento.<\/p>\n<p><br \/><strong>O CONGRESSO REGIONAL<\/strong><br \/>O Congresso promovido pela Regional Centro-Oeste da ABEM \u00e9 um espa\u00e7o privilegiado para que as discuss\u00f5es realizadas em \u00e2mbito local e regional alcancem docentes, discentes, residentes e preceptores dos estados de Goi\u00e1s, Mato Grosso do Sul, Mato Grosso e do Distrito-Federal, buscando a melhoria da educa\u00e7\u00e3o m\u00e9dica e o desenvolvimento da sa\u00fade regional.<\/p>\n<p>A nossa expectativa para X COEMCO \u00e9 de um evento com expressiva participa\u00e7\u00e3o da comunidade envolvida com a educa\u00e7\u00e3o m\u00e9dica, incluindo educadores, educandos e gestores a n\u00edvel regional, com a estimativa de receber 500 congressistas.<\/p>\n<p><br \/><strong>P\u00daBLICO-ALVO<\/strong><br \/>O p\u00fablico-alvo do X COEMCO \u00e9 tradicionalmente composto por dirigentes de escolas m\u00e9dicas, coordenadores de cursos de medicina, membros dos N\u00facleos Docentes Estruturantes (NDE), dos N\u00facleos de Apoio Psicopedag\u00f3gico, educadores (docentes e preceptores) e educandos (graduandos, residentes e p\u00f3s-graduandos).<\/p>\n<p><br \/><strong>ESTRUTURA GERAL DO CONGRESSO<\/strong><br \/>O X COEMCO acontecer\u00e1 no formato presencial e a comiss\u00e3o organizadora est\u00e1 trabalhando para oferecer a melhor estrutura e acomoda\u00e7\u00e3o a todos os participantes. A 10\u00aa edi\u00e7\u00e3o ser\u00e1 realizada na Faculdade de Medicina da Universidade Federal de Goi\u00e1s (FM-UFG), em Goi\u00e2nia. A FM-UFG est\u00e1 localizada no Setor Leste Universit\u00e1rio e possui uma estrutura f\u00edsica preparada para recepcionar eventos cient\u00edficos de m\u00e9dio e grande porte.<\/p>\n<p>\u00a0<\/p>\n<p>Com rela\u00e7\u00e3o a estrutura da FM-UFG, destaca-se o Audit\u00f3rio Askl\u00e9pios, com capacidade para aproximadamente 380 pessoas sentadas, espa\u00e7o climatizado, equipado com poltronas confort\u00e1veis, sistema de sonoriza\u00e7\u00e3o, projetor multim\u00eddia de alta resolu\u00e7\u00e3o, ilumina\u00e7\u00e3o adequada para apresenta\u00e7\u00f5es e acessibilidade para pessoas com defici\u00eancia. O audit\u00f3rio ser\u00e1 o principal espa\u00e7o para as confer\u00eancias, como o COEMCO Talks, cerim\u00f4nias de abertura e encerramento. Al\u00e9m do Askl\u00e9pios, o Anfiteatro da Faculdade, com capacidade aproximada para 150 pessoas, tamb\u00e9m pode ser utilizado para atividades simult\u00e2neas, como as apresenta\u00e7\u00f5es de trabalho. A FM conta ainda com mais de 10 salas de aula dispon\u00edveis para o congresso, distribu\u00eddas entre o t\u00e9rreo e o 1\u00ba andar sendo que todas s\u00e3o climatizadas, equipadas com projetores, boa ac\u00fastica e mobili\u00e1rio adequado para din\u00e2micas de grupo, como o Como Fazemos. Cabe ressaltar que a FM-UFG \u00e9 um espa\u00e7o com facilidade de acesso para pessoas com restri\u00e7\u00e3o de mobilidade, possuindo rampas e elevadores para as salas de aula do 1\u00ba andar, bem como banheiros espa\u00e7osos com cabines adaptadas. Os espa\u00e7os de conviv\u00eancia da FM, como os dois p\u00e1tios, podem ser aproveitados para montagem de estandes, pra\u00e7a de alimenta\u00e7\u00e3o, atividades culturais e integra\u00e7\u00e3o dos congressistas.<\/p>\n<p>\u00a0<\/p>\n<p><\/p>\t\t\t\t\t\t\t\t<\/div>\n\t\t\t\t\t<\/div>\n\t\t\t\t<\/div>\n\t\t\t\t<\/div>\n\t\t","protected":false},"excerpt":{"rendered":"<p>Sobre o Evento TEMA CENTRAL:\u201cEduca\u00e7\u00e3o M\u00e9dica Inovadora e Popular para a transforma\u00e7\u00e3o social do Centro-Oeste\u201d. \u00a0 A ABEM E SEU PROTAGONISMO NA EDUCA\u00c7\u00c3O M\u00c9DICA NO PA\u00cdSA Associa\u00e7\u00e3o Brasileira de Educa\u00e7\u00e3o M\u00e9dica (ABEM) sucede a Associa\u00e7\u00e3o de Escolas de Medicina do Brasil, fundada em 21 de agosto de 1962, na cidade de Belo Horizonte, Minas Gerais. [&hellip;]<\/p>\n","protected":false},"author":2,"featured_media":0,"parent":0,"menu_order":1,"comment_status":"closed","ping_status":"closed","template":"","meta":{"footnotes":""},"class_list":["post-4012","page","type-page","status-publish","hentry"],"_links":{"self":[{"href":"https:\/\/coemco.org.br\/2026\/wp-json\/wp\/v2\/pages\/4012","targetHints":{"allow":["GET"]}}],"collection":[{"href":"https:\/\/coemco.org.br\/2026\/wp-json\/wp\/v2\/pages"}],"about":[{"href":"https:\/\/coemco.org.br\/2026\/wp-json\/wp\/v2\/types\/page"}],"author":[{"embeddable":true,"href":"https:\/\/coemco.org.br\/2026\/wp-json\/wp\/v2\/users\/2"}],"replies":[{"embeddable":true,"href":"https:\/\/coemco.org.br\/2026\/wp-json\/wp\/v2\/comments?post=4012"}],"version-history":[{"count":10,"href":"https:\/\/coemco.org.br\/2026\/wp-json\/wp\/v2\/pages\/4012\/revisions"}],"predecessor-version":[{"id":4116,"href":"https:\/\/coemco.org.br\/2026\/wp-json\/wp\/v2\/pages\/4012\/revisions\/4116"}],"wp:attachment":[{"href":"https:\/\/coemco.org.br\/2026\/wp-json\/wp\/v2\/media?parent=4012"}],"curies":[{"name":"wp","href":"https:\/\/api.w.org\/{rel}","templated":true}]}}