{"id":4032,"date":"2026-03-26T10:32:36","date_gmt":"2026-03-26T10:32:36","guid":{"rendered":"https:\/\/coemco.org.br\/2026\/?page_id=4032"},"modified":"2026-05-08T16:12:10","modified_gmt":"2026-05-08T16:12:10","slug":"hospedagem","status":"publish","type":"page","link":"https:\/\/coemco.org.br\/2026\/hospedagem\/","title":{"rendered":"Hospedagem"},"content":{"rendered":"\t\t<div data-elementor-type=\"wp-page\" data-elementor-id=\"4032\" class=\"elementor elementor-4032\" data-elementor-post-type=\"page\">\n\t\t\t\t<div class=\"elementor-element elementor-element-7adc809 e-con-full e-flex e-con e-parent\" data-id=\"7adc809\" data-element_type=\"container\">\n\t\t\t\t<div class=\"elementor-element elementor-element-471a2d2 elementor--h-position-center elementor--v-position-middle elementor-widget elementor-widget-slides\" data-id=\"471a2d2\" data-element_type=\"widget\" data-settings=\"{&quot;navigation&quot;:&quot;none&quot;,&quot;transition&quot;:&quot;slide&quot;,&quot;transition_speed&quot;:500}\" data-widget_type=\"slides.default\">\n\t\t\t\t\t\t\t\t\t\t<div class=\"elementor-slides-wrapper elementor-main-swiper swiper\" role=\"region\" aria-roledescription=\"carousel\" aria-label=\"Slides\" dir=\"ltr\" data-animation=\"\">\n\t\t\t\t<div class=\"swiper-wrapper elementor-slides\">\n\t\t\t\t\t\t\t\t\t\t<div class=\"elementor-repeater-item-cb82680 swiper-slide\" role=\"group\" aria-roledescription=\"slide\"><div class=\"swiper-slide-bg\" role=\"img\" aria-label=\"xcoemco_bg_home_v3\"><\/div><div class=\"elementor-background-overlay\"><\/div><div class=\"swiper-slide-inner\" ><div class=\"swiper-slide-contents\"><div class=\"elementor-slide-heading\">INDICA\u00c7\u00d5ES<\/div><\/div><\/div><\/div>\t\t\t\t<\/div>\n\t\t\t\t\t\t\t<\/div>\n\t\t\t\t\t\t\t\t<\/div>\n\t\t\t\t<\/div>\n\t\t<div class=\"elementor-element elementor-element-8961905 e-flex e-con-boxed e-con e-parent\" data-id=\"8961905\" data-element_type=\"container\">\n\t\t\t\t\t<div class=\"e-con-inner\">\n\t\t\t\t<div class=\"elementor-element elementor-element-2a02125 elementor-widget elementor-widget-text-editor\" data-id=\"2a02125\" data-element_type=\"widget\" data-widget_type=\"text-editor.default\">\n\t\t\t\t\t\t\t\t\t<p>O congresso contar\u00e1 com op\u00e7\u00f5es para hospedagem e alimenta\u00e7\u00e3o dos congressistas:<\/p>\n<p>\u00a0<\/p>\n<p><strong>HOT\u00c9IS<\/strong><br \/>A regi\u00e3o da UFG disp\u00f5e de uma hospedagem bastante diversificada.<br \/><br \/><br \/><strong>CASTRO&#8217;S PARK HOTEL<\/strong><\/p>\n<p>Detalhes da Oferta:<\/p>\n<p>&#8211; Cupom: CUFG15<br \/>&#8211; Desconto: 15% sobre a tarifa do dia em qualquer categoria de quarto.<br \/>&#8211; Validade: Reservas para o per\u00edodo de 22 de maio a 24 de maio de 2026.<br \/>&#8211; Canal: Exclusivo para reservas efetuadas diretamente atrav\u00e9s do site do hotel.<\/p>\n<p>Passo a passo para reserva:<\/p>\n<p>1. Acesse o nosso site oficial: https:\/\/www.castrospark.com.br <br \/>2. Selecione as datas de hospedagem e o n\u00famero de h\u00f3spedes.<br \/>3. Insira o c\u00f3digo ENASTICEL15 no campo &#8220;Cupom&#8221; para ativar o benef\u00edcio.<br \/>4. Escolha a categoria de quarto desejada e o desconto de 15% ser\u00e1 aplicado automaticamente ao valor final.<br \/><br \/><br \/><strong>SJ PREMIUM HOTELS by ATLANTICA<\/strong><br \/><br \/>&#8211; Canal: Exclusivo para reservas efetuadas diretamente atrav\u00e9s do site do hotel.<br \/>&#8211; Acesse o site oficial: www.letsatlantica.com.br\/hotel\/sj-premium-by-atlantica<br \/><br \/><\/p>\n<p><\/p>\t\t\t\t\t\t\t\t<\/div>\n\t\t\t\t<div class=\"elementor-element elementor-element-db76a49 elementor-widget-divider--view-line elementor-widget elementor-widget-divider\" data-id=\"db76a49\" data-element_type=\"widget\" data-widget_type=\"divider.default\">\n\t\t\t\t\t\t\t<div class=\"elementor-divider\">\n\t\t\t<span class=\"elementor-divider-separator\">\n\t\t\t\t\t\t<\/span>\n\t\t<\/div>\n\t\t\t\t\t\t<\/div>\n\t\t\t\t<div class=\"elementor-element elementor-element-e42fd51 elementor-widget elementor-widget-text-editor\" data-id=\"e42fd51\" data-element_type=\"widget\" data-widget_type=\"text-editor.default\">\n\t\t\t\t\t\t\t\t\t<p><strong>RESTAURANTE<\/strong><br \/><br \/><strong>CANTINHO FRIO<br \/><br \/><\/strong>&#8211; Acesse o site oficial: https:\/\/linktr.ee\/oficial.cantinhofrio<br \/>&#8211; Desconto: Congressistas, ao apresentarem o crach\u00e1 do COEMCO, ter\u00e3o 10% de desconto.<br \/>&#8211; Endere\u00e7o: R. 228, 53 &#8211; Setor Leste Universit\u00e1rio, Goi\u00e2nia &#8211; GO,<br \/><br \/><br \/><\/p>\n<p><\/p>\t\t\t\t\t\t\t\t<\/div>\n\t\t\t\t<div class=\"elementor-element elementor-element-5e3c1d2 elementor-widget elementor-widget-spacer\" data-id=\"5e3c1d2\" data-element_type=\"widget\" data-widget_type=\"spacer.default\">\n\t\t\t\t\t\t\t<div class=\"elementor-spacer\">\n\t\t\t<div class=\"elementor-spacer-inner\"><\/div>\n\t\t<\/div>\n\t\t\t\t\t\t<\/div>\n\t\t\t\t\t<\/div>\n\t\t\t\t<\/div>\n\t\t\t\t<\/div>\n\t\t","protected":false},"excerpt":{"rendered":"<p>INDICA\u00c7\u00d5ES O congresso contar\u00e1 com op\u00e7\u00f5es para hospedagem e alimenta\u00e7\u00e3o dos congressistas: \u00a0 HOT\u00c9ISA regi\u00e3o da UFG disp\u00f5e de uma hospedagem bastante diversificada. CASTRO&#8217;S PARK HOTEL Detalhes da Oferta: &#8211; Cupom: CUFG15&#8211; Desconto: 15% sobre a tarifa do dia em qualquer categoria de quarto.&#8211; Validade: Reservas para o per\u00edodo de 22 de maio a 24 [&hellip;]<\/p>\n","protected":false},"author":2,"featured_media":0,"parent":0,"menu_order":4,"comment_status":"closed","ping_status":"closed","template":"","meta":{"footnotes":""},"class_list":["post-4032","page","type-page","status-publish","hentry"],"_links":{"self":[{"href":"https:\/\/coemco.org.br\/2026\/wp-json\/wp\/v2\/pages\/4032","targetHints":{"allow":["GET"]}}],"collection":[{"href":"https:\/\/coemco.org.br\/2026\/wp-json\/wp\/v2\/pages"}],"about":[{"href":"https:\/\/coemco.org.br\/2026\/wp-json\/wp\/v2\/types\/page"}],"author":[{"embeddable":true,"href":"https:\/\/coemco.org.br\/2026\/wp-json\/wp\/v2\/users\/2"}],"replies":[{"embeddable":true,"href":"https:\/\/coemco.org.br\/2026\/wp-json\/wp\/v2\/comments?post=4032"}],"version-history":[{"count":10,"href":"https:\/\/coemco.org.br\/2026\/wp-json\/wp\/v2\/pages\/4032\/revisions"}],"predecessor-version":[{"id":4299,"href":"https:\/\/coemco.org.br\/2026\/wp-json\/wp\/v2\/pages\/4032\/revisions\/4299"}],"wp:attachment":[{"href":"https:\/\/coemco.org.br\/2026\/wp-json\/wp\/v2\/media?parent=4032"}],"curies":[{"name":"wp","href":"https:\/\/api.w.org\/{rel}","templated":true}]}}