{"id":4049,"date":"2026-03-26T10:39:05","date_gmt":"2026-03-26T10:39:05","guid":{"rendered":"https:\/\/coemco.org.br\/2026\/?page_id=4049"},"modified":"2026-03-27T14:49:12","modified_gmt":"2026-03-27T14:49:12","slug":"contato","status":"publish","type":"page","link":"https:\/\/coemco.org.br\/2026\/contato\/","title":{"rendered":"Contato"},"content":{"rendered":"\t\t<div data-elementor-type=\"wp-page\" data-elementor-id=\"4049\" class=\"elementor elementor-4049\" data-elementor-post-type=\"page\">\n\t\t\t\t<div class=\"elementor-element elementor-element-7adc809 e-con-full e-flex e-con e-parent\" data-id=\"7adc809\" data-element_type=\"container\">\n\t\t\t\t<div class=\"elementor-element elementor-element-471a2d2 elementor--h-position-center elementor--v-position-middle elementor-widget elementor-widget-slides\" data-id=\"471a2d2\" data-element_type=\"widget\" data-settings=\"{&quot;navigation&quot;:&quot;none&quot;,&quot;transition&quot;:&quot;slide&quot;,&quot;transition_speed&quot;:500}\" data-widget_type=\"slides.default\">\n\t\t\t\t\t\t\t\t\t\t<div class=\"elementor-slides-wrapper elementor-main-swiper swiper\" role=\"region\" aria-roledescription=\"carousel\" aria-label=\"Slides\" dir=\"ltr\" data-animation=\"\">\n\t\t\t\t<div class=\"swiper-wrapper elementor-slides\">\n\t\t\t\t\t\t\t\t\t\t<div class=\"elementor-repeater-item-cb82680 swiper-slide\" role=\"group\" aria-roledescription=\"slide\"><div class=\"swiper-slide-bg\" role=\"img\" aria-label=\"xcoemco_bg_home_v3\"><\/div><div class=\"elementor-background-overlay\"><\/div><div class=\"swiper-slide-inner\" ><div class=\"swiper-slide-contents\"><div class=\"elementor-slide-heading\">Contato<\/div><\/div><\/div><\/div>\t\t\t\t<\/div>\n\t\t\t\t\t\t\t<\/div>\n\t\t\t\t\t\t\t\t<\/div>\n\t\t\t\t<\/div>\n\t\t<div class=\"elementor-element elementor-element-8961905 e-flex e-con-boxed e-con e-parent\" data-id=\"8961905\" data-element_type=\"container\">\n\t\t\t\t\t<div class=\"e-con-inner\">\n\t\t\t\t<div class=\"elementor-element elementor-element-2a02125 elementor-widget elementor-widget-text-editor\" data-id=\"2a02125\" data-element_type=\"widget\" data-widget_type=\"text-editor.default\">\n\t\t\t\t\t\t\t\t\t<p><strong>Abem | Associa\u00e7\u00e3o Brasileira de Educa\u00e7\u00e3o M\u00e9dica<\/strong><\/p>\n<p><br \/>Associa\u00e7\u00e3o Brasileira de Educa\u00e7\u00e3o M\u00e9dica \u2013 ABEM<br \/>CNPJ: 29.212.628\/0001-32<br \/>SCN \u2013 QD 02 \u2013 BL D \u2013 Torre A \u2013 Salas: 1021 e 1023 \u2013 Asa Norte<br \/>CEP: 70712-903 | Bras\u00edlia \u2013 DF<\/p>\n<p>.<\/p>\n<p>&#8211; Telefones: (61) 3024-9978 \/ 3024-8013<br \/>&#8211; D\u00favidas Gerais: <a href=\"mailto:secretaria@abem-educmed.org.br\" target=\"_blank\" rel=\"noopener\">secretaria@abem-educmed.org.br<\/a><br \/>&#8211; Comiss\u00e3o Organizadora do evento: <a href=\"mailto:abemco@abem-educmed.org.br\" target=\"_blank\" rel=\"noopener\">abemco@abem-educmed.org.br<\/a><\/p>\n<p>\u00a0<\/p>\n<p><\/p>\t\t\t\t\t\t\t\t<\/div>\n\t\t\t\t<div class=\"elementor-element elementor-element-81dd500 elementor-widget elementor-widget-spacer\" data-id=\"81dd500\" data-element_type=\"widget\" data-widget_type=\"spacer.default\">\n\t\t\t\t\t\t\t<div class=\"elementor-spacer\">\n\t\t\t<div class=\"elementor-spacer-inner\"><\/div>\n\t\t<\/div>\n\t\t\t\t\t\t<\/div>\n\t\t\t\t\t<\/div>\n\t\t\t\t<\/div>\n\t\t\t\t<\/div>\n\t\t","protected":false},"excerpt":{"rendered":"<p>Contato Abem | Associa\u00e7\u00e3o Brasileira de Educa\u00e7\u00e3o M\u00e9dica Associa\u00e7\u00e3o Brasileira de Educa\u00e7\u00e3o M\u00e9dica \u2013 ABEMCNPJ: 29.212.628\/0001-32SCN \u2013 QD 02 \u2013 BL D \u2013 Torre A \u2013 Salas: 1021 e 1023 \u2013 Asa NorteCEP: 70712-903 | Bras\u00edlia \u2013 DF . &#8211; Telefones: (61) 3024-9978 \/ 3024-8013&#8211; D\u00favidas Gerais: secretaria@abem-educmed.org.br&#8211; Comiss\u00e3o Organizadora do evento: abemco@abem-educmed.org.br \u00a0<\/p>\n","protected":false},"author":2,"featured_media":0,"parent":0,"menu_order":5,"comment_status":"closed","ping_status":"closed","template":"","meta":{"footnotes":""},"class_list":["post-4049","page","type-page","status-publish","hentry"],"_links":{"self":[{"href":"https:\/\/coemco.org.br\/2026\/wp-json\/wp\/v2\/pages\/4049","targetHints":{"allow":["GET"]}}],"collection":[{"href":"https:\/\/coemco.org.br\/2026\/wp-json\/wp\/v2\/pages"}],"about":[{"href":"https:\/\/coemco.org.br\/2026\/wp-json\/wp\/v2\/types\/page"}],"author":[{"embeddable":true,"href":"https:\/\/coemco.org.br\/2026\/wp-json\/wp\/v2\/users\/2"}],"replies":[{"embeddable":true,"href":"https:\/\/coemco.org.br\/2026\/wp-json\/wp\/v2\/comments?post=4049"}],"version-history":[{"count":10,"href":"https:\/\/coemco.org.br\/2026\/wp-json\/wp\/v2\/pages\/4049\/revisions"}],"predecessor-version":[{"id":4131,"href":"https:\/\/coemco.org.br\/2026\/wp-json\/wp\/v2\/pages\/4049\/revisions\/4131"}],"wp:attachment":[{"href":"https:\/\/coemco.org.br\/2026\/wp-json\/wp\/v2\/media?parent=4049"}],"curies":[{"name":"wp","href":"https:\/\/api.w.org\/{rel}","templated":true}]}}