{"id":4065,"date":"2026-03-26T10:56:11","date_gmt":"2026-03-26T10:56:11","guid":{"rendered":"https:\/\/coemco.org.br\/2026\/?page_id=4065"},"modified":"2026-04-22T21:29:12","modified_gmt":"2026-04-22T21:29:12","slug":"trabalhos-academicos","status":"publish","type":"page","link":"https:\/\/coemco.org.br\/2026\/trabalhos-academicos\/","title":{"rendered":"Trabalhos Acad\u00eamicos"},"content":{"rendered":"\t\t<div data-elementor-type=\"wp-page\" data-elementor-id=\"4065\" class=\"elementor elementor-4065\" data-elementor-post-type=\"page\">\n\t\t\t\t<div class=\"elementor-element elementor-element-7adc809 e-con-full e-flex e-con e-parent\" data-id=\"7adc809\" data-element_type=\"container\">\n\t\t\t\t<div class=\"elementor-element elementor-element-471a2d2 elementor--h-position-center elementor--v-position-middle elementor-widget elementor-widget-slides\" data-id=\"471a2d2\" data-element_type=\"widget\" data-settings=\"{&quot;navigation&quot;:&quot;none&quot;,&quot;transition&quot;:&quot;slide&quot;,&quot;transition_speed&quot;:500}\" data-widget_type=\"slides.default\">\n\t\t\t\t\t\t\t\t\t\t<div class=\"elementor-slides-wrapper elementor-main-swiper swiper\" role=\"region\" aria-roledescription=\"carousel\" aria-label=\"Slides\" dir=\"ltr\" data-animation=\"\">\n\t\t\t\t<div class=\"swiper-wrapper elementor-slides\">\n\t\t\t\t\t\t\t\t\t\t<div class=\"elementor-repeater-item-cb82680 swiper-slide\" role=\"group\" aria-roledescription=\"slide\"><div class=\"swiper-slide-bg\" role=\"img\" aria-label=\"xcoemco_bg_home_v3\"><\/div><div class=\"elementor-background-overlay\"><\/div><div class=\"swiper-slide-inner\" ><div class=\"swiper-slide-contents\"><div class=\"elementor-slide-heading\">Trabalhos Acad\u00eamicos<\/div><\/div><\/div><\/div>\t\t\t\t<\/div>\n\t\t\t\t\t\t\t<\/div>\n\t\t\t\t\t\t\t\t<\/div>\n\t\t\t\t<\/div>\n\t\t<div class=\"elementor-element elementor-element-8961905 e-flex e-con-boxed e-con e-parent\" data-id=\"8961905\" data-element_type=\"container\">\n\t\t\t\t\t<div class=\"e-con-inner\">\n\t\t\t\t<div class=\"elementor-element elementor-element-2a02125 elementor-widget elementor-widget-text-editor\" data-id=\"2a02125\" data-element_type=\"widget\" data-widget_type=\"text-editor.default\">\n\t\t\t\t\t\t\t\t\t<p style=\"text-align: center;\"><strong>EDITAL DE SUBMISS\u00c3O DE TRABALHOS<\/strong><br \/><strong>10\u00ba CONGRESSO DE EDUCA\u00c7\u00c3O M\u00c9DICA DO CENTRO-OESTE (X COEMCO)<\/strong><\/p>\n<p><strong><br \/>1. DO EVENTO<\/strong><\/p>\n<p><strong>1.1.<\/strong> As regras a seguir dizem respeito \u00e0 submiss\u00e3o de trabalhos cient\u00edficos para o X Congresso de Educa\u00e7\u00e3o M\u00e9dica do Centro-Oeste (X COEMCO), que ocorrer\u00e1 nos dias 22 e 23 de maio de 2026, em Goi\u00e2nia, GO.<\/p>\n<p><strong><br \/>1.2.<\/strong> A apresenta\u00e7\u00e3o de trabalhos no evento \u00e9 uma oportunidade para docentes e discentes de Medicina e de outros cursos da \u00e1rea da sa\u00fade compartilharem com a sociedade sua produ\u00e7\u00e3o cient\u00edfica e relatos de experi\u00eancias em Educa\u00e7\u00e3o M\u00e9dica.<\/p>\n<p><strong><br \/>1.3.<\/strong> O X COEMCO tem como tema central: <strong>Educa\u00e7\u00e3o M\u00e9dica Inovadora e Popular para a Transforma\u00e7\u00e3o Social do Centro-Oeste<\/strong> e a apresenta\u00e7\u00e3o dos trabalhos dever\u00e1 seguir os seguintes eixos tem\u00e1ticos, todos voltados para contribui\u00e7\u00f5es \u00e0 educa\u00e7\u00e3o m\u00e9dica:<\/p>\n<p><strong><br \/>Eixo 1: Forma\u00e7\u00e3o M\u00e9dica no CO:<\/strong> Temas relacionados a inova\u00e7\u00f5es e perspectivas para a qualifica\u00e7\u00e3o do ensino, com foco em Metodologias de Ensino e Aprendizagem e Progress\u00e3o Discente, Forma\u00e7\u00e3o de Preceptores e de Residentes, Avalia\u00e7\u00e3o e Desenvolvimento Docente.<\/p>\n<p><strong>Eixo 2: Temas emergentes em educa\u00e7\u00e3o m\u00e9dica:<\/strong> Temas relacionados \u00e0 Sa\u00fade do Planeta, Espiritualidade, Curriculariza\u00e7\u00e3o da extens\u00e3o e Interioriza\u00e7\u00e3o.<\/p>\n<p><strong>Eixo 3: Pol\u00edticas P\u00fablicas de Educa\u00e7\u00e3o e Sa\u00fade na Forma\u00e7\u00e3o M\u00e9dica:<\/strong> Temas relacionados \u00e0s novas Diretrizes Curriculares, Equidade e Sa\u00fade Mental.<\/p>\n<p><strong>Eixo 4: Educa\u00e7\u00e3o M\u00e9dica na Era Digital:<\/strong> Temas relacionados \u00e0s Novas Tecnologias na Educa\u00e7\u00e3o M\u00e9dica, Uso da Intelig\u00eancia Artificial no Ensino e Inova\u00e7\u00f5es.<\/p>\n<p><strong><br \/>2. DO CRONOGRAMA<\/strong><\/p>\n<p>Os prazos de submiss\u00e3o de trabalhos se encerram \u00e0s 23h59min de cada dia, hor\u00e1rio de Bras\u00edlia (DF).<\/p>\n<p><strong>\u2022 05\/12\/2025:<\/strong> In\u00edcio do prazo de submiss\u00e3o dos resumos. <br \/><strong>\u2022 10\/03\/2026:<\/strong> Fim do prazo de submiss\u00e3o dos resumos. <strong><span style=\"color: #ff0000;\">(prorrogado para: 26\/03\/2026)<\/span><\/strong>.<br \/><strong>\u2022 15\/04\/2026:<\/strong> Divulga\u00e7\u00e3o dos trabalhos aprovados e do template para apresenta\u00e7\u00f5es. <span style=\"color: #ff0000;\"><strong>(prorrogado para: 22\/04\/2026)<\/strong>.<\/span>\u00a0\u00a0\u00a0\u00a0\u00a0\u00a0\u00a0<br \/><strong>\u2022 10\/05\/2026:<\/strong> Data-limite para pagamento da taxa de inscri\u00e7\u00e3o de, ao menos, um dos autores e prazo final para envio do material de apresenta\u00e7\u00e3o. <br \/><strong>\u2022 15\/05\/2026:<\/strong> Divulga\u00e7\u00e3o do local, data e hor\u00e1rio de apresenta\u00e7\u00e3o dos trabalhos.<\/p>\n<p><strong><br \/>3. DOS RESUMOS<\/strong><\/p>\n<p><strong>3.1.<\/strong> Cada resumo poder\u00e1 ser inscrito uma \u00fanica vez no Congresso, independentemente da categoria escolhida ou ainda que os autores ou as institui\u00e7\u00f5es envolvidas sejam diferentes. A identifica\u00e7\u00e3o pelo sistema de avalia\u00e7\u00e3o do n\u00e3o cumprimento desta regra desclassificar\u00e1 os resumos repetidos.<\/p>\n<p><strong><br \/>3.2.<\/strong> Os resumos dever\u00e3o ter no m\u00e1ximo seis autores. N\u00e3o h\u00e1 n\u00famero m\u00e1ximo de envio de resumos por autor ou coautor.<\/p>\n<p><strong><br \/>3.3.<\/strong> Os resumos dever\u00e3o versar prioritariamente sobre educa\u00e7\u00e3o m\u00e9dica, considerando os n\u00facleos tem\u00e1ticos listados no tem\u00e1rio (ver item 1.3). Resumos relacionados exclusivamente \u00e0 pr\u00e1tica cl\u00ednico assistencial ser\u00e3o desclassificados. Os resumos devem conter os seguintes t\u00f3picos obrigat\u00f3rios, de acordo com as modalidades aceitas:<\/p>\n<p><strong>\u2013 Trabalho Cient\u00edfico (incluem estudos com metodologia qualitativa e\/ou quantitativa, revis\u00f5es de literatura e estudos de caso):<br \/><\/strong>1. Introdu\u00e7\u00e3o; 2. Objetivos; 3. M\u00e9todos; 4. Resultados\/discuss\u00e3o; 5. Conclus\u00f5es ou Considera\u00e7\u00f5es Finais.<\/p>\n<p><strong>\u2013 Relato de Experi\u00eancia (incluem experi\u00eancias educacionais, de integra\u00e7\u00e3o ensinoservi\u00e7o, gest\u00e3o de ensino e a\u00e7\u00f5es extensionistas)<\/strong>: <br \/>1. Introdu\u00e7\u00e3o; 2. Objetivos; 3. Relato de Experi\u00eancia; 4. Reflex\u00e3o sobre a experi\u00eancia; 5. Conclus\u00f5es ou Recomenda\u00e7\u00f5es.<\/p>\n<p><strong><br \/>3.4.<\/strong> O resumo deve ter no m\u00e1ximo 3.500 caracteres, incluindo espa\u00e7os. N\u00e3o s\u00e3o contabilizados os caracteres do t\u00edtulo e das palavras-chave. N\u00e3o devem ser inseridas ilustra\u00e7\u00f5es (gr\u00e1fico, tabela, quadro etc.), nem refer\u00eancias bibliogr\u00e1ficas. O texto deve ser escrito de forma clara e concisa, utilizando constru\u00e7\u00f5es l\u00f3gicas e objetivas da norma culta da l\u00edngua portuguesa.<\/p>\n<p>\u2022 O t\u00edtulo deve limitar-se a 150 caracteres (incluindo espa\u00e7os) e n\u00e3o utilizar siglas nem abrevia\u00e7\u00f5es. <br \/>\u2022 O resumo dever\u00e1 conter de tr\u00eas a cinco palavras-chave, de acordo com os Descritores em Ci\u00eancias da Sa\u00fade (DeCS) da Biblioteca Virtual em Sa\u00fade (https:\/\/decs.bvsalud.org), inseridas no campo denominado \u201cPalavras-chave\u201d. <br \/>\u2022 Os nomes dos t\u00f3picos j\u00e1 est\u00e3o inseridos no sistema de submiss\u00e3o e n\u00e3o dever\u00e3o ser repetidos no preenchimento dos campos. <br \/>\u2022 O uso de abreviaturas ser\u00e1 restrito \u00e0quelas j\u00e1 identificadas anteriormente, por extenso, no texto do resumo. <br \/>\u2022 Para assegurar a integridade da avalia\u00e7\u00e3o \u00e0s cegas, <strong>o corpo do resumo N\u00c3O deve conter informa\u00e7\u00f5es sobre os autores e as institui\u00e7\u00f5es envolvidas<\/strong> na produ\u00e7\u00e3o acad\u00eamica. <strong>A identifica\u00e7\u00e3o de autoria ou institui\u00e7\u00e3o ser\u00e1 motivo para desclassifica\u00e7\u00e3o do resumo.<\/strong><\/p>\n<p>\u00a0<\/p>\n<p><strong>3.5.<\/strong> Pesquisas com seres humanos ou animais, nas quais est\u00e3o inclu\u00eddos relatos de caso, devem ser aprovadas por Comit\u00ea de \u00c9tica em Pesquisa (CEP), de acordo com Resolu\u00e7\u00e3o do Minist\u00e9rio da Sa\u00fade (MS) \/ Conselho Nacional de Sa\u00fade (CNS) \/ Comit\u00ea Nacional de \u00c9tica em Pesquisa (CONEP) n\u00ba <a href=\"https:\/\/bvsms.saude.gov.br\/bvs\/saudelegis\/cns\/2013\/res0466_12_12_2012.html\" target=\"_blank\" rel=\"noopener\">466\/2012<\/a>, Resolu\u00e7\u00e3o CNS <a href=\"https:\/\/www.gov.br\/conselho-nacional-de-saude\/pt-br\" target=\"_blank\" rel=\"noopener\">580\/2018<\/a> e Carta Circular do MS n\u00ba 166\/2018. Esta exig\u00eancia faz parte do Termo de Responsabilidade a ser firmado pelo autor na submiss\u00e3o do trabalho. A\u00a0 Resolu\u00e7\u00e3o do CNS n\u00ba <a href=\"http:\/\/www.saude.ufpr.br\/portal\/cometica\/wp-content\/uploads\/sites\/7\/2018\/07\/Carta-Circular-166-2018-Tramita%C3%A7%C3%A3o-dos-estudos-do-tipo-relato-de-caso.pdf\" target=\"_blank\" rel=\"noopener\">510\/2016<\/a> disp\u00f5e sobre as normas aplic\u00e1veis a pesquisas em Ci\u00eancias Humanas e Sociais e esclarece, em seu artigo 1\u00ba, aquelas que n\u00e3o ser\u00e3o registradas nem avaliadas pelo sistema CEP\/CONEP.<\/p>\n<p><strong><br \/>3.6.<\/strong> As revis\u00f5es sistem\u00e1ticas dever\u00e3o ter Registro PROSPERO ou JBI, al\u00e9m de contemplar os t\u00f3picos descritos no PRISMA-P e PRISMA 2020. As revis\u00f5es de escopo devem ser registradas na OSF.<\/p>\n<p><strong><br \/>3.7.<\/strong> Os autores devem dar aten\u00e7\u00e3o \u00e0 reda\u00e7\u00e3o, revis\u00e3o e adequa\u00e7\u00e3o do texto. Os resumos aprovados e apresentados no evento ser\u00e3o publicados nos anais do congresso e n\u00e3o ser\u00e3o corrigidos ou revisados pela Comiss\u00e3o de Trabalhos Cient\u00edficos do congresso. \u00c9 de exclusiva responsabilidade dos autores a correta reda\u00e7\u00e3o durante o prazo de submiss\u00e3o, pois n\u00e3o ser\u00e1 poss\u00edvel fazer corre\u00e7\u00f5es posteriores.<\/p>\n<p><strong><br \/>3.8.<\/strong> Os trabalhos a serem submetidos ao Congresso, quando os autores forem discentes, dever\u00e3o obrigatoriamente ter como um dos autores um orientador, com termo de responsabilidade assinada pelo respectivo orientador.<\/p>\n<p><strong><br \/>4. DA SUBMISS\u00c3O E AVALIA\u00c7\u00c3O DOS RESUMOS<\/strong><\/p>\n<p><strong>4.1.<\/strong> Os resumos dever\u00e3o ser submetidos por meio eletr\u00f4nico pelo Painel do Congressista at\u00e9 a data limite de <strong>15\/03\/2026. <span style=\"color: #ff0000;\">(prorrogado para: 26\/03\/2026).<\/span><\/strong><\/p>\n<p><strong><br \/>4.2.<\/strong> Para o envio do resumo, ap\u00f3s realizar o login no painel do congressista, o usu\u00e1rio dever\u00e1 acessar o menu: <strong>Trabalhos &gt; Enviar Trabalhos. TODOS os autores precisam estar previamente cadastrados no evento X COEMCO<\/strong> para poderem ser inseridos como autores de um trabalho. <strong>N\u00e3o h\u00e1 necessidade de pagamento de inscri\u00e7\u00e3o para cadastramento de autores e submiss\u00e3o dos resumos.<\/strong><\/p>\n<p><strong><br \/>4.3.<\/strong> Em hip\u00f3tese alguma ser\u00e3o aceitos resumos enviados por e-mail, correspond\u00eancia, fax ou qualquer outro meio de comunica\u00e7\u00e3o que n\u00e3o o estabelecido pelo item 4.1.<\/p>\n<p><strong><br \/>4.4.<\/strong> Resumos submetidos sem corpo do texto, incompletos ou em desacordo com estas normas ser\u00e3o <strong>REPROVADOS<\/strong>. Uma vez submetido o resumo, <strong>o autor respons\u00e1vel pela submiss\u00e3o ter\u00e1 at\u00e9 15\/03\/2026 para realizar modifica\u00e7\u00f5es<\/strong>, incluindo a exclus\u00e3o ou complementa\u00e7\u00e3o de autoria.<\/p>\n<p><strong><br \/>4.5.<\/strong> Todos os resumos submetidos e n\u00e3o desclassificados ser\u00e3o avaliados e selecionados exclusivamente pela Comiss\u00e3o de Trabalhos Cient\u00edficos do X COEMCO. Os avaliadores n\u00e3o ter\u00e3o acesso \u00e0s informa\u00e7\u00f5es sobre autores ou institui\u00e7\u00f5es relacionadas.<\/p>\n<p><strong><br \/>4.6.<\/strong> Cada resumo ser\u00e1 analisado por dois avaliadores que emitir\u00e3o notas, segundo os crit\u00e9rios descritos no item 4.7. Em caso de discord\u00e2ncia entre os avaliadores sobre o aceite do resumo, o resumo ser\u00e1 enviado a um terceiro avaliador, sendo considerada, para fins de decis\u00e3o final, a avalia\u00e7\u00e3o da maioria dos avaliadores.<\/p>\n<p><strong><br \/>4.7.<\/strong> A avalia\u00e7\u00e3o dos resumos ser\u00e1 realizada de acordo com os seguintes crit\u00e9rios:<\/p>\n<p><strong>\u2022 Pertin\u00eancia:<\/strong> resumo adequado aos n\u00facleos tem\u00e1ticos do congresso e ao eixo escolhido para submiss\u00e3o; <br \/><strong>\u2022 Integridade:<\/strong> resumo inclui os crit\u00e9rios e padr\u00f5es obrigat\u00f3rios da modalidade escolhida; <br \/><strong>\u2022 Qualidade e coer\u00eancia:<\/strong> resumo apresenta o conte\u00fado com clareza, metodologia adequada ao alcance dos objetivos, relato de experi\u00eancia alinhado com os objetivos e integra\u00e7\u00e3o entre os t\u00f3picos da modalidade escolhida; <br \/><strong>\u2022 An\u00e1lise e discuss\u00e3o:<\/strong> resumo apresenta reflex\u00f5es, conclus\u00f5es e\/ou recomenda\u00e7\u00f5es expl\u00edcitas e relacionadas ao objeto de estudo\/interesse; <br \/><strong>\u2022 Relev\u00e2ncia:<\/strong> resumo apresenta contribui\u00e7\u00e3o para desenvolvimento da educa\u00e7\u00e3o m\u00e9dica, aplica\u00e7\u00e3o em outros contextos\/institui\u00e7\u00f5es e\/ou inova\u00e7\u00e3o nas pr\u00e1ticas educacionais.<\/p>\n<p><strong><br \/>4.8.<\/strong> O resultado da avalia\u00e7\u00e3o dos resumos ser\u00e1 divulgado no painel do congressista at\u00e9 o dia <strong>15\/04\/2026<\/strong>. <span style=\"color: #ff0000;\"><strong>(prorrogado para: 20\/04\/2026).<\/strong><\/span><\/p>\n<p><strong><br \/>4.9.<\/strong> N\u00e3o ser\u00e3o enviados e-mails aos autores informando a aprova\u00e7\u00e3o ou reprova\u00e7\u00e3o dos trabalhos. A consulta dever\u00e1 ser realizada no painel do congressista, no mesmo menu que o usu\u00e1rio acessou para submeter o resumo: <strong>Trabalhos -&gt; Trabalhos Enviados.<\/strong><\/p>\n<p><strong><br \/>4.10.<\/strong> Os trabalhos selecionados e aprovados dever\u00e3o ser apresentados pelo autor ou coautor designado em local e formato previamente determinado pela Comiss\u00e3o de Trabalhos Cient\u00edficos.<\/p>\n<p><strong><br \/>5. DA APRESENTA\u00c7\u00c3O DOS TRABALHOS<\/strong><\/p>\n<p><strong>5.1.<\/strong> Os trabalhos aprovados na modalidade p\u00f4ster ser\u00e3o expostos e apresentados por um dos autores em local, dia e hor\u00e1rio a ser definido pela Comiss\u00e3o Executiva. N\u00e3o haver\u00e1 a modalidade de apresenta\u00e7\u00e3o oral.<\/p>\n<p><strong><br \/>5.2.<\/strong> Apresenta\u00e7\u00e3o dos trabalhos aprovados durante o Congresso ser\u00e1 condicionada ao pagamento da taxa de inscri\u00e7\u00e3o de ao menos um dos autores at\u00e9 o dia 05\/05\/2026.<\/p>\n<p><strong><br \/>5.3.<\/strong> Os materiais de apresenta\u00e7\u00e3o dos trabalhos do X COEMCO dever\u00e3o obedecer aos padr\u00f5es visuais e de estrutura definidos pela Comiss\u00e3o de Trabalhos Cient\u00edficos e disponibilizados no momento da divulga\u00e7\u00e3o dos resultados. O envio de trabalhos em outro formato acarretar\u00e1 sua desclassifica\u00e7\u00e3o.<\/p>\n<p><strong><br \/>5.4.<\/strong> Os modelos de apresenta\u00e7\u00e3o dos trabalhos ser\u00e3o disponibilizados no Painel do Congressista, ap\u00f3s a divulga\u00e7\u00e3o dos resultados. O bot\u00e3o para download do modelo estar\u00e1 dispon\u00edvel nas informa\u00e7\u00f5es de cada trabalho, na tela de envio do material de apresenta\u00e7\u00e3o.<\/p>\n<p><strong><br \/>6. DAS PREMIA\u00c7\u00d5ES<\/strong><\/p>\n<p><strong>6.1.<\/strong> Ser\u00e3o premiados os trabalhos com melhor avalia\u00e7\u00e3o na modalidade P\u00f4ster. Ser\u00e3o divulgados na Cerim\u00f4nia de Encerramento do X COEMCO e publicados no site do evento at\u00e9 10 dias ap\u00f3s o t\u00e9rmino do evento.<\/p>\n<p><strong><br \/>6.2.<\/strong> Na modalidade P\u00f4ster, ser\u00e3o premiados com men\u00e7\u00e3o honrosa (certificado de pr\u00eamio) at\u00e9 cinco trabalhos de cada eixo tem\u00e1tico, sem haver indica\u00e7\u00e3o de sua coloca\u00e7\u00e3o.<\/p>\n<p><strong><br \/>6.3.<\/strong> N\u00e3o ser\u00e3o aceitos recursos aos trabalhos premiados em qualquer categoria.<\/p>\n<p><strong><br \/>7. DOS CERTIFICADOS<\/strong><\/p>\n<p><strong>7.1.<\/strong> Ser\u00e3o fornecidos certificados de apresenta\u00e7\u00e3o para os trabalhos que tiveram a presen\u00e7a de pelo menos um dos autores estiver no evento. Os certificados s\u00e3o fornecidos para o trabalho, constando o nome de todos os autores. N\u00e3o h\u00e1 certificado individual por autor\/apresentador.<\/p>\n<p><strong><br \/>7.2.<\/strong> No caso do formato P\u00f4ster \u00e9 obrigat\u00f3ria a participa\u00e7\u00e3o, durante o X COEMCO, de pelo menos um dos autores que dever\u00e1 fazer seu \u201ccheckin\u201d durante o per\u00edodo do evento.<\/p>\n<p><strong><br \/>7.3.<\/strong> Os certificados s\u00e3o fornecidos para o trabalho, constando o nome de todos os autores. N\u00e3o h\u00e1 certificado individual por autor\/apresentador.<\/p>\n<p><strong><br \/>7.4.<\/strong> Os certificados estar\u00e3o dispon\u00edveis no sistema em at\u00e9 30 dias ap\u00f3s t\u00e9rmino do evento.<\/p>\n<p><strong><br \/>8. DISPOSI\u00c7\u00d5ES FINAIS<\/strong><\/p>\n<p><strong>8.1.<\/strong> A Comiss\u00e3o Executiva reserva-se o direito de cancelar, interromper, suspender ou adiar a submiss\u00e3o, a sele\u00e7\u00e3o e\/ou a apresenta\u00e7\u00e3o dos trabalhos, no todo ou em parte, em caso fortuito ou de for\u00e7a maior.<\/p>\n<p><strong><br \/>8.2.<\/strong> Os autores dos trabalhos reconhecem e declaram, assumindo todas as responsabilidades legais, de forma irrevog\u00e1vel e irretrat\u00e1vel, que todas as informa\u00e7\u00f5es fornecidas, bem como o conte\u00fado do trabalho inscrito e as condi\u00e7\u00f5es do Termo de Responsabilidade na submiss\u00e3o, s\u00e3o verdadeiras, pr\u00f3prias e originais.<\/p>\n<p><strong><br \/>8.3.<\/strong> As Comiss\u00f5es Executiva e de Trabalhos Cient\u00edficos s\u00e3o incontestavelmente soberanas nas suas decis\u00f5es, inexistindo a possibilidade de recursos \u00e0s suas decis\u00f5es.<\/p>\n<p><strong><br \/>8.4.<\/strong> Ao enviar o resumo para sele\u00e7\u00e3o, os autores autorizam as Comiss\u00f5es Executiva e de Trabalhos Cient\u00edficos a publicarem ou divulgarem o trabalho, n\u00e3o cabendo qualquer pagamento por direitos autorais.<\/p>\n<p><strong><br \/>8.5.<\/strong> A submiss\u00e3o de qualquer resumo, desde que cumprindo os requisitos apresentados, j\u00e1 caracteriza a aceita\u00e7\u00e3o irrestrita de todas as regras aqui previstas.<\/p>\n<p><strong><br \/>8.6.<\/strong> Os casos omissos ser\u00e3o analisados pela Comiss\u00e3o Executiva.<\/p>\n<p>\u00a0<\/p>\n<p><\/p>\t\t\t\t\t\t\t\t<\/div>\n\t\t\t\t<div class=\"elementor-element elementor-element-6b041af elementor-align-center e-transform elementor-widget elementor-widget-button\" data-id=\"6b041af\" data-element_type=\"widget\" data-settings=\"{&quot;_transform_scale_effect_mobile&quot;:{&quot;unit&quot;:&quot;px&quot;,&quot;size&quot;:0.8,&quot;sizes&quot;:[]},&quot;_transform_scale_effect&quot;:{&quot;unit&quot;:&quot;px&quot;,&quot;size&quot;:&quot;&quot;,&quot;sizes&quot;:[]},&quot;_transform_scale_effect_tablet&quot;:{&quot;unit&quot;:&quot;px&quot;,&quot;size&quot;:&quot;&quot;,&quot;sizes&quot;:[]}}\" data-widget_type=\"button.default\">\n\t\t\t\t\t\t\t\t\t\t<a class=\"elementor-button elementor-button-link elementor-size-sm\" href=\"https:\/\/abem-nacional.com.br\/evento\/10-coemco\" target=\"_blank\">\n\t\t\t\t\t\t<span class=\"elementor-button-content-wrapper\">\n\t\t\t\t\t\t<span class=\"elementor-button-icon\">\n\t\t\t\t<svg aria-hidden=\"true\" class=\"e-font-icon-svg e-fas-mouse-pointer\" viewBox=\"0 0 320 512\" xmlns=\"http:\/\/www.w3.org\/2000\/svg\"><path d=\"M302.189 329.126H196.105l55.831 135.993c3.889 9.428-.555 19.999-9.444 23.999l-49.165 21.427c-9.165 4-19.443-.571-23.332-9.714l-53.053-129.136-86.664 89.138C18.729 472.71 0 463.554 0 447.977V18.299C0 1.899 19.921-6.096 30.277 5.443l284.412 292.542c11.472 11.179 3.007 31.141-12.5 31.141z\"><\/path><\/svg>\t\t\t<\/span>\n\t\t\t\t\t\t\t\t\t<span class=\"elementor-button-text\">SUBMETER RESUMO<\/span>\n\t\t\t\t\t<\/span>\n\t\t\t\t\t<\/a>\n\t\t\t\t\t\t\t\t<\/div>\n\t\t\t\t\t<\/div>\n\t\t\t\t<\/div>\n\t\t\t\t<\/div>\n\t\t","protected":false},"excerpt":{"rendered":"<p>Trabalhos Acad\u00eamicos EDITAL DE SUBMISS\u00c3O DE TRABALHOS10\u00ba CONGRESSO DE EDUCA\u00c7\u00c3O M\u00c9DICA DO CENTRO-OESTE (X COEMCO) 1. DO EVENTO 1.1. As regras a seguir dizem respeito \u00e0 submiss\u00e3o de trabalhos cient\u00edficos para o X Congresso de Educa\u00e7\u00e3o M\u00e9dica do Centro-Oeste (X COEMCO), que ocorrer\u00e1 nos dias 22 e 23 de maio de 2026, em Goi\u00e2nia, GO. [&hellip;]<\/p>\n","protected":false},"author":2,"featured_media":0,"parent":0,"menu_order":6,"comment_status":"closed","ping_status":"closed","template":"","meta":{"footnotes":""},"class_list":["post-4065","page","type-page","status-publish","hentry"],"_links":{"self":[{"href":"https:\/\/coemco.org.br\/2026\/wp-json\/wp\/v2\/pages\/4065","targetHints":{"allow":["GET"]}}],"collection":[{"href":"https:\/\/coemco.org.br\/2026\/wp-json\/wp\/v2\/pages"}],"about":[{"href":"https:\/\/coemco.org.br\/2026\/wp-json\/wp\/v2\/types\/page"}],"author":[{"embeddable":true,"href":"https:\/\/coemco.org.br\/2026\/wp-json\/wp\/v2\/users\/2"}],"replies":[{"embeddable":true,"href":"https:\/\/coemco.org.br\/2026\/wp-json\/wp\/v2\/comments?post=4065"}],"version-history":[{"count":10,"href":"https:\/\/coemco.org.br\/2026\/wp-json\/wp\/v2\/pages\/4065\/revisions"}],"predecessor-version":[{"id":4207,"href":"https:\/\/coemco.org.br\/2026\/wp-json\/wp\/v2\/pages\/4065\/revisions\/4207"}],"wp:attachment":[{"href":"https:\/\/coemco.org.br\/2026\/wp-json\/wp\/v2\/media?parent=4065"}],"curies":[{"name":"wp","href":"https:\/\/api.w.org\/{rel}","templated":true}]}}